{"id":11,"date":"2025-08-26T14:36:15","date_gmt":"2025-08-26T14:36:15","guid":{"rendered":"http:\/\/www.bistrotdemesseugne.com\/index.php\/hillstar\/"},"modified":"2026-02-08T16:48:55","modified_gmt":"2026-02-08T15:48:55","slug":"hillstar","status":"publish","type":"page","link":"https:\/\/www.bistrotdemesseugne.com\/","title":{"rendered":"Nous d\u00e9couvrir"},"content":{"rendered":"<div data-colibri-id=\"11-c1\" class=\"style-195 style-local-11-c1 position-relative\">\n  <!---->\n  <div data-colibri-component=\"section\" data-colibri-id=\"11-c2\" id=\"custom\" class=\"h-section h-section-global-spacing d-flex align-items-lg-center align-items-md-center align-items-center style-198 style-local-11-c2 position-relative\">\n    <!---->\n    <!---->\n    <div class=\"h-section-grid-container h-section-boxed-container\">\n      <!---->\n      <div data-colibri-id=\"11-c3\" class=\"h-row-container gutters-row-lg-0 gutters-row-md-0 gutters-row-0 gutters-row-v-lg-0 gutters-row-v-md-0 gutters-row-v-0 style-199 style-local-11-c3 position-relative\">\n        <!---->\n        <div class=\"h-row justify-content-lg-center justify-content-md-center justify-content-center align-items-lg-stretch align-items-md-stretch align-items-stretch gutters-col-lg-0 gutters-col-md-0 gutters-col-0 gutters-col-v-lg-0 gutters-col-v-md-0 gutters-col-v-0\">\n          <!---->\n          <div class=\"h-column h-column-container d-flex h-col-lg-auto h-col-md-auto h-col-auto style-200-outer style-local-11-c4-outer\">\n            <div data-colibri-id=\"11-c4\" class=\"d-flex h-flex-basis h-column__inner h-px-lg-2 h-px-md-2 h-px-2 v-inner-lg-2 v-inner-md-2 v-inner-2 style-200 style-local-11-c4 position-relative\">\n              <!---->\n              <!---->\n              <div class=\"w-100 h-y-container h-column__content h-column__v-align flex-basis-100 align-self-lg-start align-self-md-start align-self-start\">\n                <!---->\n                <div data-colibri-id=\"11-c5\" class=\"d-block style-201 style-local-11-c5 position-relative h-element\">\n                  <!---->\n                  <div class=\"h-image__frame-container-outer\">\n                    <div class=\"h-image__frame-container\">\n                      <!---->\n                      <!---->\n                      <img loading=\"lazy\" decoding=\"async\" width=\"1919\" height=\"1921\" src=\"http:\/\/www.bistrotdemesseugne.com\/wp-content\/uploads\/2026\/02\/cropped-IMG_5844-scaled-1.jpg\" class=\"wp-image-396 style-201-image style-local-11-c5-image\" alt=\"\" srcset=\"https:\/\/www.bistrotdemesseugne.com\/wp-content\/uploads\/2026\/02\/cropped-IMG_5844-scaled-1.jpg 1919w, https:\/\/www.bistrotdemesseugne.com\/wp-content\/uploads\/2026\/02\/cropped-IMG_5844-scaled-1-300x300.jpg 300w, https:\/\/www.bistrotdemesseugne.com\/wp-content\/uploads\/2026\/02\/cropped-IMG_5844-scaled-1-1024x1024.jpg 1024w, https:\/\/www.bistrotdemesseugne.com\/wp-content\/uploads\/2026\/02\/cropped-IMG_5844-scaled-1-150x150.jpg 150w, https:\/\/www.bistrotdemesseugne.com\/wp-content\/uploads\/2026\/02\/cropped-IMG_5844-scaled-1-768x769.jpg 768w, https:\/\/www.bistrotdemesseugne.com\/wp-content\/uploads\/2026\/02\/cropped-IMG_5844-scaled-1-1534x1536.jpg 1534w\" sizes=\"auto, (max-width: 1919px) 100vw, 1919px\" \/>\n                      <div class=\"h-image__frame h-hide-lg h-hide-md h-hide-sm style-201-frameImage style-local-11-c5-frameImage\"><\/div>\n                    <\/div>\n                  <\/div>\n                <\/div>\n              <\/div>\n            <\/div>\n          <\/div>\n          <div class=\"h-column h-column-container d-flex h-col-lg-auto h-col-md-auto h-col-auto style-202-outer style-local-11-c6-outer\">\n            <div data-colibri-id=\"11-c6\" class=\"d-flex h-flex-basis h-column__inner h-px-lg-2 h-px-md-2 h-px-2 v-inner-lg-2 v-inner-md-2 v-inner-2 style-202 style-local-11-c6 position-relative\">\n              <!---->\n              <!---->\n              <div class=\"w-100 h-y-container h-column__content h-column__v-align flex-basis-100 align-self-lg-start align-self-md-start align-self-start\">\n                <!---->\n                <div data-colibri-id=\"11-c7\" class=\"h-text h-text-component style-203 style-local-11-c7 position-relative h-element\">\n                  <!---->\n                  <!---->\n                  <div class=\"\">\n                    <h2> <strong>Qui sommes nous ?<\/strong><\/h2>\n                    <p><strong>&nbsp;<\/strong>Bienvenue au Bistrot de Messeugne, votre destination gourmande pour savourer une cuisine traditionnelle fran\u00e7aise, \u00e0 proximit\u00e9 de Cluny et Tournus ! Nich\u00e9 au bord d\u2019une rivi\u00e8re, ce charmant bistrot est l&rsquo;endroit\n                      id\u00e9al pour se d\u00e9lecter de plats faits maison, tout en profitant d&rsquo;une atmosph\u00e8re idyllique et chaleureuse.<\/p>\n                    <p>Que vous soyez en qu\u00eate d\u2019une pause d\u00e9jeuner relaxante ou d\u2019une soir\u00e9e anim\u00e9e \u2014 avec nos soir\u00e9es \u00e0 th\u00e8me tous les deuxi\u00e8mes samedis du mois \u2014 le Bistrot de Messeugne vous invite \u00e0 partager des moments inoubliables, o\u00f9 la gastronomie\n                      rime avec convivialit\u00e9. N&rsquo;attendez plus, faites un saut chez nous, et laissez-vous s\u00e9duire par notre cuisine familiale mijot\u00e9e avec amour et ingr\u00e9dients frais. \u00c0 tr\u00e8s vite !<\/p>\n                    <p>\n                      <br>\n                    <\/p>\n                  <\/div>\n                <\/div>\n              <\/div>\n            <\/div>\n          <\/div>\n        <\/div>\n      <\/div>\n    <\/div>\n  <\/div>\n  <div data-colibri-component=\"section\" data-colibri-id=\"11-c8\" id=\"custom-2\" class=\"h-section h-section-global-spacing d-flex align-items-lg-center align-items-md-center align-items-center style-204 style-local-11-c8 position-relative\">\n    <!---->\n    <!---->\n    <div class=\"h-section-grid-container h-section-boxed-container\">\n      <!---->\n      <div data-colibri-id=\"11-c9\" class=\"h-row-container gutters-row-lg-2 gutters-row-md-2 gutters-row-0 gutters-row-v-lg-2 gutters-row-v-md-2 gutters-row-v-2 style-205 style-local-11-c9 position-relative\">\n        <!---->\n        <div class=\"h-row justify-content-lg-center justify-content-md-center justify-content-center align-items-lg-stretch align-items-md-stretch align-items-stretch gutters-col-lg-2 gutters-col-md-2 gutters-col-0 gutters-col-v-lg-2 gutters-col-v-md-2 gutters-col-v-2\">\n          <!---->\n          <div class=\"h-column h-column-container d-flex h-col-lg-auto h-col-md-auto h-col-auto style-206-outer style-local-11-c10-outer\">\n            <div data-colibri-id=\"11-c10\" class=\"d-flex h-flex-basis h-column__inner h-px-lg-2 h-px-md-2 h-px-2 v-inner-lg-2 v-inner-md-2 v-inner-2 style-206 style-local-11-c10 position-relative\">\n              <!---->\n              <!---->\n              <div class=\"w-100 h-y-container h-column__content h-column__v-align flex-basis-100 align-self-lg-start align-self-md-start align-self-start\">\n                <!---->\n                <div data-colibri-id=\"11-c11\" class=\"h-x-container style-207 style-local-11-c11 position-relative h-element\">\n                  <!---->\n                  <div class=\"h-x-container-inner style-dynamic-11-c11-group style-207-spacing style-local-11-c11-spacing\"><span class=\"h-button__outer style-208-outer style-local-11-c12-outer d-inline-flex h-element\"><a h-use-smooth-scroll=\"true\" href=\"https:\/\/www.google.dz\/travel\/hotels\/entity\/ChgIpbHe0JzTxfPMARoLL2cvMXR4OHNrM2wQAQ\/reviews?ts=CAEaIAoCGgASGhIUCgcI6Q8QBBgPEgcI6Q8QBBgQGAEyAhAAKgQKABoA\"  data-colibri-id=\"11-c12\" class=\"d-flex w-100 align-items-center h-button justify-content-lg-center justify-content-md-center justify-content-center style-208 style-local-11-c12 position-relative\"><!----><!----> <span>\u2b50 &#8212; Laissez nous un avis ! &#8211;\u2b50<\/span><\/a>\n                    <\/span>\n                  <\/div>\n                <\/div>\n              <\/div>\n            <\/div>\n          <\/div>\n        <\/div>\n      <\/div>\n    <\/div>\n  <\/div>\n<\/div>","protected":false},"excerpt":{"rendered":"<p>Qui sommes nous ? &nbsp;Bienvenue au Bistrot de Messeugne, votre destination gourmande pour savourer une cuisine traditionnelle fran\u00e7aise, \u00e0 proximit\u00e9 de Cluny et Tournus ! Nich\u00e9 au bord d\u2019une rivi\u00e8re, [&hellip;]<\/p>\n","protected":false},"author":1,"featured_media":0,"parent":0,"menu_order":0,"comment_status":"closed","ping_status":"closed","template":"page-templates\/homepage.php","meta":{"_price":"","_stock":"","_tribe_ticket_header":"","_tribe_default_ticket_provider":"","_tribe_ticket_capacity":"0","_ticket_start_date":"","_ticket_end_date":"","_tribe_ticket_show_description":"","_tribe_ticket_show_not_going":false,"_tribe_ticket_use_global_stock":"","_tribe_ticket_global_stock_level":"","_global_stock_mode":"","_global_stock_cap":"","_tribe_rsvp_for_event":"","_tribe_ticket_going_count":"","_tribe_ticket_not_going_count":"","_tribe_tickets_list":"[]","_tribe_ticket_has_attendee_info_fields":false,"footnotes":"","_tec_slr_enabled":"","_tec_slr_layout":""},"class_list":["post-11","page","type-page","status-publish","hentry"],"ticketed":false,"_links":{"self":[{"href":"https:\/\/www.bistrotdemesseugne.com\/index.php\/wp-json\/wp\/v2\/pages\/11","targetHints":{"allow":["GET"]}}],"collection":[{"href":"https:\/\/www.bistrotdemesseugne.com\/index.php\/wp-json\/wp\/v2\/pages"}],"about":[{"href":"https:\/\/www.bistrotdemesseugne.com\/index.php\/wp-json\/wp\/v2\/types\/page"}],"author":[{"embeddable":true,"href":"https:\/\/www.bistrotdemesseugne.com\/index.php\/wp-json\/wp\/v2\/users\/1"}],"replies":[{"embeddable":true,"href":"https:\/\/www.bistrotdemesseugne.com\/index.php\/wp-json\/wp\/v2\/comments?post=11"}],"version-history":[{"count":12,"href":"https:\/\/www.bistrotdemesseugne.com\/index.php\/wp-json\/wp\/v2\/pages\/11\/revisions"}],"predecessor-version":[{"id":398,"href":"https:\/\/www.bistrotdemesseugne.com\/index.php\/wp-json\/wp\/v2\/pages\/11\/revisions\/398"}],"wp:attachment":[{"href":"https:\/\/www.bistrotdemesseugne.com\/index.php\/wp-json\/wp\/v2\/media?parent=11"}],"curies":[{"name":"wp","href":"https:\/\/api.w.org\/{rel}","templated":true}]}}